{"id":1584,"date":"2013-12-11T21:33:40","date_gmt":"2013-12-11T20:33:40","guid":{"rendered":"http:\/\/www.abeilles95.fr\/?page_id=1584"},"modified":"2017-03-07T15:13:53","modified_gmt":"2017-03-07T14:13:53","slug":"documents","status":"publish","type":"page","link":"https:\/\/www.abeilles95.fr\/?page_id=1584","title":{"rendered":"Documents"},"content":{"rendered":"<p><span style=\"background-color: rgb(255, 220, 115);\">09\/01\/2015<\/span> Varroose: traitement \u00e0 l&rsquo;acide oxalique <p><img decoding=\"async\" src=\"http:\/\/www.abeilles95.fr\/wp-content\/plugins\/wp-downloadmanager\/images\/ext\/pdf.gif\" alt=\"\" title=\"\" style=\"vertical-align: middle;\" \/>&nbsp;&nbsp;<strong><a href=\"https:\/\/www.abeilles95.fr\/?dl_name=acide_oxalique_24_10_14-2.pdf\">acide_oxalique_24_10_14-2.pdf<\/a><\/strong> (450,7 KiB, 3\u00a0120 hits)<\/p><\/p>\n<p><span style=\"background-color: rgb(255, 220, 115);\">08\/01\/2015<\/span> Document sur la d\u00e9sinfection du mat\u00e9riel utilis\u00e9 au rucher <p><img decoding=\"async\" src=\"http:\/\/www.abeilles95.fr\/wp-content\/plugins\/wp-downloadmanager\/images\/ext\/pdf.gif\" alt=\"\" title=\"\" style=\"vertical-align: middle;\" \/>&nbsp;&nbsp;<strong><a href=\"https:\/\/www.abeilles95.fr\/?dl_name=DESINFECTIONduMATERIEL.pdf\">DESINFECTIONduMATERIEL.pdf<\/a><\/strong> (114,6 KiB, 2\u00a0205 hits)<\/p><\/p>\n<p><span style=\"background-color: rgb(255, 220, 115);\">11\/12\/2013<\/span> Plaquette sur Tropilaelaps <p><img decoding=\"async\" src=\"http:\/\/www.abeilles95.fr\/wp-content\/plugins\/wp-downloadmanager\/images\/ext\/pdf.gif\" alt=\"\" title=\"\" style=\"vertical-align: middle;\" \/>&nbsp;&nbsp;<strong><a href=\"https:\/\/www.abeilles95.fr\/?dl_name=Tropilaelaps_Plaquette_Janv2013.pdf\">Tropilaelaps_Plaquette_Janv2013.pdf<\/a><\/strong> (257,7 KiB, 1\u00a0880 hits)<\/p><\/p>\n<p><span style=\"background-color: rgb(255, 220, 115);\">11\/12\/2013<\/span> Plaquette sur le petit col\u00e9opt\u00e8re <p><img decoding=\"async\" src=\"http:\/\/www.abeilles95.fr\/wp-content\/plugins\/wp-downloadmanager\/images\/ext\/pdf.gif\" alt=\"\" title=\"\" style=\"vertical-align: middle;\" \/>&nbsp;&nbsp;<strong><a href=\"https:\/\/www.abeilles95.fr\/?dl_name=PetitColeo_Plaquette_Janv2013.pdf\">PetitColeo_Plaquette_Janv2013.pdf<\/a><\/strong> (253,3 KiB, 1\u00a0867 hits)<\/p><\/p>\n<p><span style=\"background-color: rgb(255, 220, 115);\">11\/12\/2013<\/span> Fiche d&rsquo;identification du frelon asiatique <p><img decoding=\"async\" src=\"http:\/\/www.abeilles95.fr\/wp-content\/plugins\/wp-downloadmanager\/images\/ext\/pdf.gif\" alt=\"\" title=\"\" style=\"vertical-align: middle;\" \/>&nbsp;&nbsp;<strong><a href=\"https:\/\/www.abeilles95.fr\/?dl_name=Fiches_Identification_Vespa_velutina_MNHN.pdf\">Fiches_Identification_Vespa_velutina_MNHN.pdf<\/a><\/strong> (1,7 MiB, 1\u00a0935 hits)<\/p><\/p>\n<p><span style=\"background-color: rgb(255, 220, 115);\">17\/02\/2012<\/span> Le cycle de vie du frelon asiatique <p><img decoding=\"async\" src=\"http:\/\/www.abeilles95.fr\/wp-content\/plugins\/wp-downloadmanager\/images\/ext\/pdf.gif\" alt=\"\" title=\"\" style=\"vertical-align: middle;\" \/>&nbsp;&nbsp;<strong><a href=\"https:\/\/www.abeilles95.fr\/?dl_name=cycle_du_frelon.pdf\">cycle_du_frelon.pdf<\/a><\/strong> (81,8 KiB, 2\u00a0010 hits)<\/p><\/p>\n","protected":false},"excerpt":{"rendered":"<p>09\/01\/2015 Varroose: traitement \u00e0 l&rsquo;acide oxalique 08\/01\/2015 Document sur la d\u00e9sinfection du mat\u00e9riel utilis\u00e9 au rucher 11\/12\/2013 Plaquette sur Tropilaelaps 11\/12\/2013 Plaquette sur le petit col\u00e9opt\u00e8re 11\/12\/2013 Fiche d&rsquo;identification du frelon asiatique 17\/02\/2012 Le cycle de vie du frelon asiatique<\/p>\n","protected":false},"author":1,"featured_media":0,"parent":0,"menu_order":72,"comment_status":"closed","ping_status":"closed","template":"","meta":{"ngg_post_thumbnail":0,"footnotes":""},"_links":{"self":[{"href":"https:\/\/www.abeilles95.fr\/index.php?rest_route=\/wp\/v2\/pages\/1584"}],"collection":[{"href":"https:\/\/www.abeilles95.fr\/index.php?rest_route=\/wp\/v2\/pages"}],"about":[{"href":"https:\/\/www.abeilles95.fr\/index.php?rest_route=\/wp\/v2\/types\/page"}],"author":[{"embeddable":true,"href":"https:\/\/www.abeilles95.fr\/index.php?rest_route=\/wp\/v2\/users\/1"}],"replies":[{"embeddable":true,"href":"https:\/\/www.abeilles95.fr\/index.php?rest_route=%2Fwp%2Fv2%2Fcomments&post=1584"}],"version-history":[{"count":7,"href":"https:\/\/www.abeilles95.fr\/index.php?rest_route=\/wp\/v2\/pages\/1584\/revisions"}],"predecessor-version":[{"id":2643,"href":"https:\/\/www.abeilles95.fr\/index.php?rest_route=\/wp\/v2\/pages\/1584\/revisions\/2643"}],"wp:attachment":[{"href":"https:\/\/www.abeilles95.fr\/index.php?rest_route=%2Fwp%2Fv2%2Fmedia&parent=1584"}],"curies":[{"name":"wp","href":"https:\/\/api.w.org\/{rel}","templated":true}]}}