{"id":210,"date":"2011-11-18T15:47:58","date_gmt":"2011-11-18T15:47:58","guid":{"rendered":"http:\/\/www.abeilles95.fr\/?page_id=210"},"modified":"2019-11-18T16:09:32","modified_gmt":"2019-11-18T15:09:32","slug":"comptes-rendus-documents","status":"publish","type":"page","link":"https:\/\/www.abeilles95.fr\/?page_id=210","title":{"rendered":"Comptes-rendus &#038; documents"},"content":{"rendered":"<p>&nbsp;<\/p>\n<p><font size=\"4\"><span style=\"background-color: rgb(255, 220, 115);\">Proc\u00e8s verbal de l&rsquo;assembl\u00e9e g\u00e9n\u00e9rale du 23 Janvier<\/span><font style=\"background-color: rgb(255, 220, 115);\"> 2016:<\/font> <p><img decoding=\"async\" src=\"http:\/\/www.abeilles95.fr\/wp-content\/plugins\/wp-downloadmanager\/images\/ext\/pdf.gif\" alt=\"\" title=\"\" style=\"vertical-align: middle;\" \/>&nbsp;&nbsp;<strong><a href=\"https:\/\/www.abeilles95.fr\/?dl_name=PV-AG-janvier2016-3.pdf\">PV-AG-janvier2016-3.pdf<\/a><\/strong> (2,4 MiB, 2\u00a0589 hits)<\/p><\/font><\/p>\n<p><font size=\"4\"><span style=\"background-color: rgb(255, 220, 115);\">Proc\u00e8s verbal de l&rsquo;assembl\u00e9e g\u00e9n\u00e9rale du 26 Janvier<\/span><font style=\"background-color: rgb(255, 220, 115);\"> 2013:<\/font> <p><img decoding=\"async\" src=\"http:\/\/www.abeilles95.fr\/wp-content\/plugins\/wp-downloadmanager\/images\/ext\/pdf.gif\" alt=\"\" title=\"\" style=\"vertical-align: middle;\" \/>&nbsp;&nbsp;<strong><a href=\"https:\/\/www.abeilles95.fr\/?dl_name=PV1-AG-janvier-2013.pdf\">PV1-AG-janvier-2013.pdf<\/a><\/strong> (282,6 KiB, 2\u00a0874 hits)<\/p><\/font><\/p>\n<p><font style=\"background-color: rgb(255, 220, 115);\" size=\"4\">Plaquette de pr\u00e9sentation de l&rsquo;AAVO:<\/font><font size=\"4\"> <p><img decoding=\"async\" src=\"http:\/\/www.abeilles95.fr\/wp-content\/plugins\/wp-downloadmanager\/images\/ext\/pdf.gif\" alt=\"\" title=\"\" style=\"vertical-align: middle;\" \/>&nbsp;&nbsp;<strong><a href=\"https:\/\/www.abeilles95.fr\/?dl_name=Prospectus_2013recto.pdf\">Prospectus_2013recto.pdf<\/a><\/strong> (535,3 KiB, 2\u00a0152 hits)<\/p>,<p><img decoding=\"async\" src=\"http:\/\/www.abeilles95.fr\/wp-content\/plugins\/wp-downloadmanager\/images\/ext\/pdf.gif\" alt=\"\" title=\"\" style=\"vertical-align: middle;\" \/>&nbsp;&nbsp;<strong><a href=\"https:\/\/www.abeilles95.fr\/?dl_name=Prospectus_2013_verso.pdf\">Prospectus_2013_verso.pdf<\/a><\/strong> (673,2 KiB, 2\u00a0245 hits)<\/p><\/font><\/p>\n<p><font size=\"4\"><font style=\"background-color: rgb(255, 220, 115);\">Vade-mecum:<\/font><font size=\"4\"> <p><img decoding=\"async\" src=\"http:\/\/www.abeilles95.fr\/wp-content\/plugins\/wp-downloadmanager\/images\/ext\/pdf.gif\" alt=\"\" title=\"\" style=\"vertical-align: middle;\" \/>&nbsp;&nbsp;<strong><a href=\"https:\/\/www.abeilles95.fr\/?dl_name=Vade-mecum_2013.pdf\">Vade-mecum_2013.pdf<\/a><\/strong> (751,3 KiB, 2\u00a0592 hits)<\/p><\/font><\/font><\/p>\n<p>&nbsp;<\/p>\n<p>&nbsp;<\/p>\n<p><font size=\"4\">&nbsp;<\/font><\/p>\n","protected":false},"excerpt":{"rendered":"<p>&nbsp; Proc\u00e8s verbal de l&rsquo;assembl\u00e9e g\u00e9n\u00e9rale du 23 Janvier 2016: Proc\u00e8s verbal de l&rsquo;assembl\u00e9e g\u00e9n\u00e9rale du 26 Janvier 2013: Plaquette de pr\u00e9sentation de l&rsquo;AAVO: , Vade-mecum: &nbsp; &nbsp; &nbsp;<\/p>\n","protected":false},"author":1,"featured_media":0,"parent":0,"menu_order":31,"comment_status":"closed","ping_status":"closed","template":"","meta":{"ngg_post_thumbnail":0,"footnotes":""},"_links":{"self":[{"href":"https:\/\/www.abeilles95.fr\/index.php?rest_route=\/wp\/v2\/pages\/210"}],"collection":[{"href":"https:\/\/www.abeilles95.fr\/index.php?rest_route=\/wp\/v2\/pages"}],"about":[{"href":"https:\/\/www.abeilles95.fr\/index.php?rest_route=\/wp\/v2\/types\/page"}],"author":[{"embeddable":true,"href":"https:\/\/www.abeilles95.fr\/index.php?rest_route=\/wp\/v2\/users\/1"}],"replies":[{"embeddable":true,"href":"https:\/\/www.abeilles95.fr\/index.php?rest_route=%2Fwp%2Fv2%2Fcomments&post=210"}],"version-history":[{"count":42,"href":"https:\/\/www.abeilles95.fr\/index.php?rest_route=\/wp\/v2\/pages\/210\/revisions"}],"predecessor-version":[{"id":3076,"href":"https:\/\/www.abeilles95.fr\/index.php?rest_route=\/wp\/v2\/pages\/210\/revisions\/3076"}],"wp:attachment":[{"href":"https:\/\/www.abeilles95.fr\/index.php?rest_route=%2Fwp%2Fv2%2Fmedia&parent=210"}],"curies":[{"name":"wp","href":"https:\/\/api.w.org\/{rel}","templated":true}]}}