{"id":2446,"date":"2017-11-20T15:50:19","date_gmt":"2017-11-20T14:50:19","guid":{"rendered":"http:\/\/www.abeilles95.fr\/?page_id=2446"},"modified":"2025-11-14T18:07:37","modified_gmt":"2025-11-14T16:07:37","slug":"adhesion","status":"publish","type":"page","link":"https:\/\/www.abeilles95.fr\/?page_id=2446","title":{"rendered":"Adh\u00e9sion"},"content":{"rendered":"<p><!--\n\n<span style=\"background-color: #ffffff;\">Bulletin d'adh\u00e9sion 2023<\/span>\n\n<span style=\"background-color: #ff0000;\">Adh\u00e9sion 2023, momentanement indisponible<\/span>\n\n--><\/p>\n<p><span style=\"color: #000000;\"><br \/>\nVous pouvez t\u00e9l\u00e9charger un bulletin d&rsquo;adh\u00e9sion \u00e0 partir des liens suivants:<br \/>\n(Remarque : L&rsquo;adh\u00e9sion \u00e0 l&rsquo;AAVO vous permet de b\u00e9n\u00e9ficier, <b>jusqu&rsquo;au 1 f\u00e9vrier prochain<\/b>, d&rsquo;un abonnement annuel \u00e0 une revue apicole \u00e0 tarif pr\u00e9f\u00e9rentiel. Si cette offre vous int\u00e9resse, merci de choisir un des deux premiers modes de r\u00e8glement)<br \/>\n<\/span><\/p>\n<p><a href=\"https:\/\/www.abeilles95.fr\/wp-content\/uploads\/2026\/01\/Bulletin-dAdhesion-et-UNAF-par-cheque-2026.pdf\"><span style=\"color: #000000;\">Adh\u00e9sion (avec ou sans abonnement) : <strong>paiement par ch\u00e8que:<\/strong><\/span><\/a><\/p>\n<p><!--\n\n\n<div class=\"button button1\"><a href=\"https:\/\/www.abeilles95.fr\/wp-content\/uploads\/Pageadhesions\/adhesioncheque.pdf\"><span><span style=\"color: #ffffff;\">Cliquez ici<\/span><\/span><\/a><\/div>\n\n\n--><\/p>\n<p><a href=\"https:\/\/www.abeilles95.fr\/wp-content\/uploads\/2026\/01\/Bulletin-dAdhesion-et-UNAF-par-virement-2026.pdf\"><span style=\"color: #000000;\">Adh\u00e9sion (avec ou sans abonnement) : <strong>paiement par virement:<\/strong><\/span><\/a><\/p>\n<p><!--\n\n\n<div class=\"button button1\"><a href=\"https:\/\/www.abeilles95.fr\/wp-content\/uploads\/Pageadhesions\/adhesionvirement.pdf\"><span><span style=\"color: #ffffff;\">cliquez ici<\/span><\/span><\/a><\/div>\n\n\n--><\/p>\n<p><a href=\"https:\/\/www.abeilles95.fr\/wp-content\/uploads\/2026\/01\/RIB-AAVO.pdf\"><span style=\"color: #000000;\"><strong>RIB AAVO<\/strong> pour paiement par virement:<\/span><\/a><\/p>\n<p><!--\n<span style=\"color: #000000;\">\nAdh\u00e9sion (sans abonnement) : paiement s\u00e9curis\u00e9 en ligne par carte bancaire :\n<\/span>\n\n\n<div class=\"button button1\">\n<a href=\"https:\/\/aavo.s2.yapla.com\/fr\/event---17075\"><font><span style=\"color: #FFFFFF;\"> Cliquez ici<\/span><\/font><\/a><\/div>\n\n\n--><\/p>\n<p><!--\n<span style=\"background-color: #ffdc73;\">Documents assurances<\/span>\n\n<span style=\"color: #000000;\">Risques couverts par l'assurance Abeille de France<\/span> [download id=101]\n\n<span style=\"color: #000000;\">Risques couverts par l'assurance Abeille et fleurs<\/span> [download id=102]\n--><\/p>\n","protected":false},"excerpt":{"rendered":"<p>Vous pouvez t\u00e9l\u00e9charger un bulletin d&rsquo;adh\u00e9sion \u00e0 partir des liens suivants: (Remarque : L&rsquo;adh\u00e9sion \u00e0 l&rsquo;AAVO vous permet de b\u00e9n\u00e9ficier, jusqu&rsquo;au 1 f\u00e9vrier prochain, d&rsquo;un abonnement annuel \u00e0 une revue apicole \u00e0 tarif pr\u00e9f\u00e9rentiel. Si cette offre vous int\u00e9resse, merci<\/p>\n","protected":false},"author":1,"featured_media":0,"parent":0,"menu_order":0,"comment_status":"closed","ping_status":"closed","template":"","meta":{"ngg_post_thumbnail":0,"footnotes":""},"_links":{"self":[{"href":"https:\/\/www.abeilles95.fr\/index.php?rest_route=\/wp\/v2\/pages\/2446"}],"collection":[{"href":"https:\/\/www.abeilles95.fr\/index.php?rest_route=\/wp\/v2\/pages"}],"about":[{"href":"https:\/\/www.abeilles95.fr\/index.php?rest_route=\/wp\/v2\/types\/page"}],"author":[{"embeddable":true,"href":"https:\/\/www.abeilles95.fr\/index.php?rest_route=\/wp\/v2\/users\/1"}],"replies":[{"embeddable":true,"href":"https:\/\/www.abeilles95.fr\/index.php?rest_route=%2Fwp%2Fv2%2Fcomments&post=2446"}],"version-history":[{"count":69,"href":"https:\/\/www.abeilles95.fr\/index.php?rest_route=\/wp\/v2\/pages\/2446\/revisions"}],"predecessor-version":[{"id":6203,"href":"https:\/\/www.abeilles95.fr\/index.php?rest_route=\/wp\/v2\/pages\/2446\/revisions\/6203"}],"wp:attachment":[{"href":"https:\/\/www.abeilles95.fr\/index.php?rest_route=%2Fwp%2Fv2%2Fmedia&parent=2446"}],"curies":[{"name":"wp","href":"https:\/\/api.w.org\/{rel}","templated":true}]}}