{"id":2782,"date":"2019-02-18T08:51:00","date_gmt":"2019-02-18T07:51:00","guid":{"rendered":"https:\/\/www.abeilles95.fr\/?page_id=2782"},"modified":"2022-03-11T12:02:53","modified_gmt":"2022-03-11T11:02:53","slug":"mars","status":"publish","type":"page","link":"https:\/\/www.abeilles95.fr\/?page_id=2782","title":{"rendered":"Mars-old"},"content":{"rendered":"<div align=\"center\">\n<div><span><strong><span><span style=\"font-size: x-large;\">TRAVAUX DE MARS <\/span> <\/span><\/strong><\/span><\/div>\n<\/div>\n<p>Mars est le mois du d\u00e9marrage des travaux sur les ruches et colonies. En sa fin, l\u2019activit\u00e9 principale sera la visite dite de printemps \u00e0 laquelle on peut associer le changement des plateaux de sol et de couvre cadres<\/p>\n<p style=\"text-align: center;\"><span style=\"font-size:150%\"><strong>Cette visite est la premi\u00e9re de l\u2019ann\u00e9e et reste la plus importante<\/strong><\/span><\/p>\n<p><strong>Elle se fera :<\/strong><\/p>\n<ul style=\"list-style-type:disc;\">\n<li>Lors d\u2019une belle journ\u00e9e ensoleill\u00e9e, si possible sans vent,temp\u00e9rature 15 degr\u00e9 minimum<\/li>\n<li>avec du mat\u00e9riel d\u2019intervention (l\u00e8ve cadre par exemple) d\u00e9sinfect\u00e9, enfumoir, tenue et gants propres<\/li>\n<li>Les premi\u00e8res ruches visit\u00e9es seront celles qui paraissent les plus saines<\/li>\n<\/ul>\n<p><strong>Elle d\u00e9butera par :<\/strong><\/p>\n<ul style=\"list-style-type:disc;\">\n<li>Une inspection sommaire du rucher (rep\u00e9rage des colonies les moins actives et \/ou pr\u00e9sentant des traces d\u2019\u00e9ventuelle maladie)<\/li>\n<li>Apr\u00e8s chaque ouverture les outils d\u2019intervention seront d\u00e9sinfect\u00e9s(eau javellis\u00e9e, alcool \u00e0 bruler ou flamme), geste prophylactique tendant \u00e0 lutter contre la propagation d\u2019une maladie.<\/li>\n<\/ul>\n<p><strong>Elle a pour but :<\/strong><\/p>\n<ul style=\"list-style-type:disc;\">\n<li>d\u2019appr\u00e9cier l\u2019\u00e9tat sanitaire des colonies<\/li>\n<li>d\u2019estimer l\u2019\u00e9tat de sant\u00e9 de la reine via sa ponte<\/li>\n<p>li&gt;d\u2019appr\u00e9cier le volume et la dynamique de la colonie<\/ul>\n<p><strong>D\u00e9roulement de La visite<\/strong><\/p>\n<ul style=\"list-style-type:disc;\">\n<li> Au trou de vol jauger l\u2019importance de l\u2019activit\u00e9<\/li>\n<ul style=\"list-style-type:circle;\">\n<li>sortie et entr\u00e9e r\u00e9guli\u00e9res des abeilles &#8211; se battent elles \u00e0 l\u2019entr\u00e9e?<\/li>\n<li>au retour les abeilles sont-elles refoul\u00e9es?<\/li>\n<li>rentrent-elles du pollen? etc\u2026.<\/li>\n<\/ul>\n<li>A l\u2019ouverture de la ruche<\/li>\n<ul style=\"list-style-type:circle;\">\n<li> On estime le nombre d\u2019inter-cadres ou ruelles occup\u00e9s par les abeilles<\/li>\n<li> On inspecte chaque cadre<\/li>\n<li>En les manipulant on jauge la quantit\u00e9 d\u2019abeilles couvrant chaque rayon.En ce d\u00e9but de saison la grappe est souvent concentr\u00e9e sur le<br \/>\ncouvain que l\u2019on \u00e9vite de refroidir en l\u2019exposant trop longtemps \u00e0 l\u2019ext\u00e9rieur<\/li>\n<\/ul>\n<\/ul>\n<p><strong>Le couvain<\/strong><\/p>\n<p>L\u2019aspect de ce dernier est important :<\/p>\n<ul style=\"list-style-type:disc;\">\n<li> Il est compact et bomb\u00e9 = correct\n<div style=\"text-align: center;\">\n<a href=\"https:\/\/abeilles95.fr\/wp-content\/uploads\/pagetravauxdumois\/mars\/mars1.png\"><img decoding=\"async\" title=\"\" alt=\"\" src=\"http:\/\/abeilles95.fr\/wp-content\/uploads\/pagetravauxdumois\/mars\/mars1.png\" width=\"75%\" height=\"75%\"><\/a><\/div>\n<\/li>\n<li> la pr\u00e9sence de larves ou nymphes mortes, un couvain dit en mosa\u00efque cellules affaiss\u00e9es peut laisser soup\u00e7onner une maladie ou un parasite (loque varroose mycose)\n<div style=\"text-align: center;\">\n<a href=\"https:\/\/abeilles95.fr\/wp-content\/uploads\/pagetravauxdumois\/mars\/mars2.png\"><img decoding=\"async\" title=\"\" alt=\"\" src=\"http:\/\/abeilles95.fr\/wp-content\/uploads\/pagetravauxdumois\/mars\/mars2.png\" width=\"75%\" height=\"75%\"><\/a><\/div>\n<\/li>\n<\/ul>\n<ul style=\"list-style-type:disc;\">\n<li> de nombreux vides ou des cellules de m\u00e9le en nombre : la reine est vieille ou mal f\u00e9cond\u00e9e<\/li>\n<li>L\u2019 absence de couvain peut \u00eatre remarqu\u00e9e la colonie est orpheline.(une dispersion est probable)<\/li>\n<\/ul>\n<p><strong><\/strong><\/p>\n<p><strong>NOTA<\/strong><\/p>\n<p><strong><br \/>\n<\/strong><strong><\/strong><strong><\/strong><\/p>\n<p>Fin mars, dans notre r\u00e9gion, une colonie doit \u00e9tre dot\u00e9e d\u2019un minimum de 3 cadres de couvain. A moins, on peut la consid\u00e9rer comme faible. Si aucune maladie n\u2019est soup\u00e7onn\u00e9e on peut la r\u00e9unir \u00e0 une autre ou r\u00e9partir ses cadres dans d\u2019autres ruches.<\/p>\n<p><strong><\/strong><\/p>\n<p><strong>La reine<\/strong><\/p>\n<p><strong><br \/>\n<\/strong><strong><\/strong><strong><\/strong><\/p>\n<p>L\u2019\u00e9tat du couvain nous donne la meilleure indication sur son \u00e9tat de sant\u00e9.<\/p>\n<div style=\"text-align: center;\">\n<a href=\"https:\/\/abeilles95.fr\/wp-content\/uploads\/pagetravauxdumois\/mars\/mars3.png\"><img decoding=\"async\" title=\"\" alt=\"\" src=\"https:\/\/abeilles95.fr\/wp-content\/uploads\/pagetravauxdumois\/mars\/mars3.png\" width=\"40%\" height=\"40%\"><\/a><\/div>\n<p>Quant \u00e0 connaitre son age, le marquage reste indispensable. Pour cette ann\u00e9e (2018) la couleur est au rouge. Marquer une reine la rend plus facilement rep\u00e9rable. Elle peut \u00e9tre mise \u00e0 l\u2019abri (dans une cage \u00e0 reine) lors de manipulation importante sur la ruche (transvasement).<\/p>\n<p><strong><\/strong><\/p>\n<p><strong>Les provisions :<\/strong><\/p>\n<p><strong><br \/>\n<\/strong><strong><\/strong><strong><\/strong><\/p>\n<ul style=\"list-style-type:disc;\">\n<li>Elles doivent \u00e9tre \u00e0 port\u00e9e de la grappe et suffisantes pour permettre aux colonies de se nourrir et se r\u00e9chauffer jusqu\u2019\u00e0 ce que les apports ext\u00e9rieurs en nectar et pollen compensent la consommation.<\/li>\n<li>Les ruches trop pourvues de provisions pourront \u00eatre d\u00e9lest\u00e9es d\u2019un ou 2 cadres de nourriture au profit de ruches plus faibles. Sinon un sirop \u00e9pais, (2\/3 \u2013 1\/3) ou du candi pourront \u00eatre distribu\u00e9s.(J\u2019opte pour cette seconde solution)<\/li>\n<\/ul>\n","protected":false},"excerpt":{"rendered":"<p>TRAVAUX DE MARS Mars est le mois du d\u00e9marrage des travaux sur les ruches et colonies. En sa fin, l\u2019activit\u00e9 principale sera la visite dite de printemps \u00e0 laquelle on peut associer le changement des plateaux de sol et de<\/p>\n","protected":false},"author":1,"featured_media":0,"parent":0,"menu_order":0,"comment_status":"closed","ping_status":"closed","template":"","meta":{"ngg_post_thumbnail":0,"footnotes":""},"_links":{"self":[{"href":"https:\/\/www.abeilles95.fr\/index.php?rest_route=\/wp\/v2\/pages\/2782"}],"collection":[{"href":"https:\/\/www.abeilles95.fr\/index.php?rest_route=\/wp\/v2\/pages"}],"about":[{"href":"https:\/\/www.abeilles95.fr\/index.php?rest_route=\/wp\/v2\/types\/page"}],"author":[{"embeddable":true,"href":"https:\/\/www.abeilles95.fr\/index.php?rest_route=\/wp\/v2\/users\/1"}],"replies":[{"embeddable":true,"href":"https:\/\/www.abeilles95.fr\/index.php?rest_route=%2Fwp%2Fv2%2Fcomments&post=2782"}],"version-history":[{"count":3,"href":"https:\/\/www.abeilles95.fr\/index.php?rest_route=\/wp\/v2\/pages\/2782\/revisions"}],"predecessor-version":[{"id":4229,"href":"https:\/\/www.abeilles95.fr\/index.php?rest_route=\/wp\/v2\/pages\/2782\/revisions\/4229"}],"wp:attachment":[{"href":"https:\/\/www.abeilles95.fr\/index.php?rest_route=%2Fwp%2Fv2%2Fmedia&parent=2782"}],"curies":[{"name":"wp","href":"https:\/\/api.w.org\/{rel}","templated":true}]}}