{"id":4143,"date":"2022-03-03T11:42:53","date_gmt":"2022-03-03T10:42:53","guid":{"rendered":"https:\/\/www.abeilles95.fr\/?page_id=4143"},"modified":"2026-03-08T10:33:51","modified_gmt":"2026-03-08T08:33:51","slug":"le-plan-national-de-piegeage-de-printemps","status":"publish","type":"page","link":"https:\/\/www.abeilles95.fr\/?page_id=4143","title":{"rendered":"Le Plan National de Pi\u00e9geage de Printemps"},"content":{"rendered":"<p><span style=\"color: #000000\">m\u00e0j 8\/03\/2026<\/span><\/p>\n<p>&nbsp;<\/p>\n<h2><span style=\"color: #000000\">Le Plan National de lutte cotre le frelon \u00e0 pattes jaunes et le pi\u00e9geage de Printemps 2026<\/span><\/h2>\n<p><span style=\"color: #000000\">Pour r\u00e9pondre \u00e0 la demande des apiculteurs, les organisations sanitaires avaient d\u00e9cid\u00e9 d\u2019\u00e9laborer <strong>un plan national de lutte contre les frelons asiatiques<\/strong> finalis\u00e9 en mars 2022 pour plusieurs saisons.<\/span><br \/>\n<span style=\"color: #000000\">Le plan national de pi\u00e9geage de printemps des frelons \u00e0 pattes jaunes en fait partie. Il est destin\u00e9 \u00e0 renforcer la lutte en \u00e9liminant un maximum de fondatrices Vespa Velutina avant la formation de nid.<\/span><\/p>\n<p><span style=\"color: #000000\">Le Plan National de lutte contre le frelon \u00e0 pattes jaunes a \u00e9t\u00e9 vot\u00e9 le 6 mars 2025 \u00e0 l&rsquo;Assembl\u00e9e Nationale dans les m\u00eames termes qu&rsquo;au S\u00e9nat.<\/span><\/p>\n<p><span style=\"color: #000000\">Il reprend les m\u00eames principes d&rsquo;organisation et d&rsquo;action en pr\u00e9cisant les r\u00f4les notamment au niveau d\u00e9partemental. Les d\u00e9crets d&rsquo;application sont attendus bient\u00f4t.<\/span><\/p>\n<p style=\"padding-left: 40px\"><span style=\"color: #000000\"><strong>OBJECTIFS DU PI\u00c9GEAGE DE PRINTEMPS<\/strong><\/span><br \/>\n<span style=\"color: #000000\">\u2022 Pi\u00e9ger au printemps un maximum de fondatrices apr\u00e8s leur sortie d\u2019hivernage ;<\/span><br \/>\n<span style=\"color: #000000\">\u2022 R\u00e9duire la pression de pr\u00e9dation sur les colonies en automne ;<\/span><br \/>\n<span style=\"color: #000000\">\u2022 R\u00e9duire le nombre de nids \u00e0 d\u00e9truire ;<\/span><br \/>\n<span style=\"color: #000000\">\u2022 Organiser un pi\u00e9geage contr\u00f4l\u00e9 par les apiculteurs et limiter l\u2019impact sur l\u2019entomofaune non cible ;<\/span><br \/>\n<span style=\"color: #000000\">\u2022 S\u2019int\u00e9grer au plan de lutte national contre les frelons asiatiques.<\/span><\/p>\n<p><span style=\"color: #000000\">Le Plan pr\u00e9voit une organisation au niveau national autour des organismes cit\u00e9s, au niveau r\u00e9gional et d\u00e9partemental.<\/span><\/p>\n<p><span style=\"color: #000000\">Au niveau local, le dispositif s\u2019appuie sur les r\u00e9f\u00e9rents \u00ab\u00a0frelon\u00a0\u00bb locaux ( fili\u00e8re apicole et services techniques communaux form\u00e9s) et les apiculteurs pour le pi\u00e9geage et pour la collecte des informations d&rsquo;efficacit\u00e9.<\/span><\/p>\n<p><span style=\"color: #000000\">En effet, pour \u00e9viter l&rsquo;impact sur les esp\u00e8ces non-cible, <strong>seules les personnes form\u00e9es pour ce type de pi\u00e9geage sont sollicit\u00e9es.<\/strong>\u00a0 Le pi\u00e9geage est aussi limit\u00e9 \u00e0 deux mois. Les types de pi\u00e8ges recommand\u00e9s sont pr\u00e9sent\u00e9s ci apr\u00e8s .<\/span><\/p>\n<h3 style=\"text-align: center\"><span style=\"color: #000000\"><a href=\"https:\/\/www.abeilles95.fr\/wp-content\/uploads\/2026\/03\/pieges-recommandes-2026.jpg\"><img loading=\"lazy\" decoding=\"async\" class=\"alignnone wp-image-6252\" src=\"https:\/\/www.abeilles95.fr\/wp-content\/uploads\/2026\/03\/pieges-recommandes-2026-300x139.jpg\" alt=\"\" width=\"641\" height=\"297\" srcset=\"https:\/\/www.abeilles95.fr\/wp-content\/uploads\/2026\/03\/pieges-recommandes-2026-300x139.jpg 300w, https:\/\/www.abeilles95.fr\/wp-content\/uploads\/2026\/03\/pieges-recommandes-2026-768x355.jpg 768w, https:\/\/www.abeilles95.fr\/wp-content\/uploads\/2026\/03\/pieges-recommandes-2026.jpg 787w\" sizes=\"(max-width: 641px) 100vw, 641px\" \/><\/a><\/span><\/h3>\n<h3 style=\"text-align: center\"><span style=\"color: #000000\">Il ne faut donc pas \u00e9tendre cette action \u00e0 tous les particuliers non encadr\u00e9s<\/span><\/h3>\n<h3 style=\"text-align: center\"><strong><span style=\"color: #000000\"><span style=\"background-color: #ffff00\"> et surtout \u00e9viter les pi\u00e8ges \u00ab\u00a0bouteilles\u00a0\u00bb et \u00ab\u00a0cloches\u00a0\u00bb qui nuisent gravement \u00e0 la biodiversit\u00e9 \u00e0 cette \u00e9poque de l&rsquo;ann\u00e9e!<\/span><\/span><\/strong><\/h3>\n<p>&nbsp;<\/p>\n<h4 style=\"text-align: center\"><span style=\"color: #000000\"><a style=\"color: #000000\" href=\"https:\/\/www.abeilles95.fr\/wp-content\/uploads\/2026\/03\/piegeage_printemps2026_AAVO_site.pdf\"><strong>Voir la pr\u00e9sentation de la r\u00e9union AAVO du 4 mars 2026<\/strong><\/a><\/span><\/h4>\n<p>&nbsp;<\/p>\n<p style=\"text-align: center\"><span style=\"color: #000000\">********************************<\/span><\/p>\n<h2>L&rsquo;organisation en Val d&rsquo;Oise<\/h2>\n<p>Autour du r\u00e9f\u00e9rent \u00ab\u00a0frelon\u00a0\u00bb d\u00e9partemental Michel AME, un comit\u00e9 de pilotage est constitu\u00e9 avec les principales associations apicoles du Val d&rsquo;Oise (A.A.V.O. , S.A.V.O. et L.G.O.). Il comprendra aussi les acteurs institutionnels et des collectivit\u00e9s d\u00e8s que possible.<\/p>\n<p><a href=\"https:\/\/www.abeilles95.fr\/wp-content\/uploads\/2022\/03\/organisation-piegeage-95-1.jpg\"><img loading=\"lazy\" decoding=\"async\" class=\"alignnone size-full wp-image-4213\" src=\"https:\/\/www.abeilles95.fr\/wp-content\/uploads\/2022\/03\/organisation-piegeage-95-1.jpg\" alt=\"\" width=\"896\" height=\"450\" srcset=\"https:\/\/www.abeilles95.fr\/wp-content\/uploads\/2022\/03\/organisation-piegeage-95-1.jpg 896w, https:\/\/www.abeilles95.fr\/wp-content\/uploads\/2022\/03\/organisation-piegeage-95-1-300x151.jpg 300w, https:\/\/www.abeilles95.fr\/wp-content\/uploads\/2022\/03\/organisation-piegeage-95-1-768x386.jpg 768w\" sizes=\"(max-width: 896px) 100vw, 896px\" \/><\/a><\/p>\n<p>L&rsquo;objectif pour cette ann\u00e9e 2026 est de multiplier le nombre de lieux de pi\u00e9geage en limitant le nombre de pi\u00e8ges dans ces zones (recommandation du plan ). Il est donc conseill\u00e9 pour chaque apiculteur de mettre<strong><span style=\"color: #008000\"> un pi\u00e8ge par rucher et un pi\u00e8ge pr\u00e8s des fleurs de printemps<\/span><\/strong>. <strong><span style=\"color: #339966\">Un pi\u00e8ge par nid constat\u00e9<\/span><\/strong> ou d\u00e9truit en automne 2025 est aussi conseill\u00e9. Ne pas multiplier les pi\u00e8ges&#8230; 200m entre chaque.<\/p>\n<p><strong>Documents de suivi des pi\u00e9geages AAVO \u00e0 t\u00e9l\u00e9charger:<\/strong><\/p>\n<p><a href=\"https:\/\/www.abeilles95.fr\/wp-content\/uploads\/2026\/03\/protocole-piegeage-printemps_2026_-AAVO.pdf\"><strong>Protocole 2026 de pi\u00e9geage des fondatrices<\/strong><\/a><\/p>\n<p><strong><a href=\"https:\/\/www.abeilles95.fr\/wp-content\/uploads\/2025\/03\/engagement-AAVO2025.jpg\">Engagement du pi\u00e9geur en 2026<\/a><\/strong><\/p>\n<p><strong><a href=\"https:\/\/www.abeilles95.fr\/wp-content\/uploads\/2026\/03\/fiche-piegeur-AAVO-2026.pdf\">Fiche 2026 de suivi des pi\u00e8ges AAVO<\/a><\/strong><\/p>\n<h2><\/h2>\n<p>&nbsp;<\/p>\n","protected":false},"excerpt":{"rendered":"<p>m\u00e0j 8\/03\/2026 &nbsp; Le Plan National de lutte cotre le frelon \u00e0 pattes jaunes et le pi\u00e9geage de Printemps 2026 Pour r\u00e9pondre \u00e0 la demande des apiculteurs, les organisations sanitaires avaient d\u00e9cid\u00e9 d\u2019\u00e9laborer un plan national de lutte contre les<\/p>\n","protected":false},"author":7,"featured_media":4190,"parent":0,"menu_order":0,"comment_status":"closed","ping_status":"closed","template":"","meta":{"ngg_post_thumbnail":0,"footnotes":""},"_links":{"self":[{"href":"https:\/\/www.abeilles95.fr\/index.php?rest_route=\/wp\/v2\/pages\/4143"}],"collection":[{"href":"https:\/\/www.abeilles95.fr\/index.php?rest_route=\/wp\/v2\/pages"}],"about":[{"href":"https:\/\/www.abeilles95.fr\/index.php?rest_route=\/wp\/v2\/types\/page"}],"author":[{"embeddable":true,"href":"https:\/\/www.abeilles95.fr\/index.php?rest_route=\/wp\/v2\/users\/7"}],"replies":[{"embeddable":true,"href":"https:\/\/www.abeilles95.fr\/index.php?rest_route=%2Fwp%2Fv2%2Fcomments&post=4143"}],"version-history":[{"count":88,"href":"https:\/\/www.abeilles95.fr\/index.php?rest_route=\/wp\/v2\/pages\/4143\/revisions"}],"predecessor-version":[{"id":6267,"href":"https:\/\/www.abeilles95.fr\/index.php?rest_route=\/wp\/v2\/pages\/4143\/revisions\/6267"}],"wp:featuredmedia":[{"embeddable":true,"href":"https:\/\/www.abeilles95.fr\/index.php?rest_route=\/wp\/v2\/media\/4190"}],"wp:attachment":[{"href":"https:\/\/www.abeilles95.fr\/index.php?rest_route=%2Fwp%2Fv2%2Fmedia&parent=4143"}],"curies":[{"name":"wp","href":"https:\/\/api.w.org\/{rel}","templated":true}]}}