{"id":48,"date":"2011-11-14T09:14:50","date_gmt":"2011-11-14T09:14:50","guid":{"rendered":"http:\/\/www.abeilles95.fr\/?page_id=48"},"modified":"2018-11-27T16:29:52","modified_gmt":"2018-11-27T15:29:52","slug":"expositions-et-manifestations","status":"publish","type":"page","link":"https:\/\/www.abeilles95.fr\/?page_id=48","title":{"rendered":"Expositions, manifestations, sorties"},"content":{"rendered":"<p><span><span style=\"background-color: #ffdc73;\">18\/10\/2018<\/span>-Troph\u00e9e RSE Groupe leader Gagn\u00e9 par l\u2019AAVO<\/span><\/p>\n<p>L&rsquo;association remporte le volet environnement des Troph\u00e9es R.S.E. 2018 Leader Int\u00e9rim pour sa contribution \u00e0 la pr\u00e9servation des abeilles et la mise en avant du r\u00f4le crucial des pollinisateurs dans l\u2019environnement.<\/p>\n<p><strong><a href=\"https:\/\/www.groupeleader.com\/resultats-des-trophees-rse-2018\/\">https:\/\/www.groupeleader.com\/resultats-des-trophees-rse-2018\/<\/a><\/strong><\/p>\n<p><a href=\"https:\/\/www.abeilles95.fr\/wp-content\/uploads\/pageconference\/IMG-4094.JPG\"><img decoding=\"async\" style=\"text-align: center;\" title=\"Troph\u00e9 R.S.E 2018 pour l'environnement \" src=\"https:\/\/www.abeilles95.fr\/wp-content\/uploads\/pageconference\/IMG-4094.JPG\" alt=\"\" width=\"50%\" height=\"50%\"><\/a><\/p>\n<p><span><span style=\"background-color: #ffdc73;\">21\/10\/2017<\/span>-Le travail de l&rsquo;apiculteur par Jean Riondet <p><img decoding=\"async\" src=\"http:\/\/www.abeilles95.fr\/wp-content\/plugins\/wp-downloadmanager\/images\/ext\/pdf.gif\" alt=\"\" title=\"\" style=\"vertical-align: middle;\" \/>&nbsp;&nbsp;<strong><a href=\"https:\/\/www.abeilles95.fr\/?dl_name=letravaildelapiculteur.pdf\">letravaildelapiculteur.pdf<\/a><\/strong> (6,4 MiB, 8\u00a0304 hits)<\/p> <\/span><br \/>\n<a href=\"https:\/\/www.abeilles95.fr\/wp-content\/uploads\/pageconference\/conferenceriondet.png\"><img decoding=\"async\" style=\"text-align: center;\" title=\"conf\u00e9rence Jean Riondet \" src=\"https:\/\/www.abeilles95.fr\/wp-content\/uploads\/pageconference\/conferenceriondet.png\" alt=\"\" width=\"50%\" height=\"50%\"><\/a><br \/>\n<span><span style=\"background-color: #ffdc73;\">21\/10\/2017<\/span>-Hiverner ses colonies par Jean Riondet<p><img decoding=\"async\" src=\"http:\/\/www.abeilles95.fr\/wp-content\/plugins\/wp-downloadmanager\/images\/ext\/pdf.gif\" alt=\"\" title=\"\" style=\"vertical-align: middle;\" \/>&nbsp;&nbsp;<strong><a href=\"https:\/\/www.abeilles95.fr\/?dl_name=hivernerlescolonies.pdf\">hivernerlescolonies.pdf<\/a><\/strong> (1,3 MiB, 3\u00a0571 hits)<\/p> <\/span><br \/>\n<span><span style=\"background-color: #ffdc73;\">21\/10\/2017<\/span>-La prophylaxie par Jean Riondet <p><img decoding=\"async\" src=\"http:\/\/www.abeilles95.fr\/wp-content\/plugins\/wp-downloadmanager\/images\/ext\/pdf.gif\" alt=\"\" title=\"\" style=\"vertical-align: middle;\" \/>&nbsp;&nbsp;<strong><a href=\"https:\/\/www.abeilles95.fr\/?dl_name=Prophylaxie.pdf\">Prophylaxie.pdf<\/a><\/strong> (1,8 MiB, 2\u00a0722 hits)<\/p> <\/span><\/p>\n","protected":false},"excerpt":{"rendered":"<p>18\/10\/2018-Troph\u00e9e RSE Groupe leader Gagn\u00e9 par l\u2019AAVO L&rsquo;association remporte le volet environnement des Troph\u00e9es R.S.E. 2018 Leader Int\u00e9rim pour sa contribution \u00e0 la pr\u00e9servation des abeilles et la mise en avant du r\u00f4le crucial des pollinisateurs dans l\u2019environnement. https:\/\/www.groupeleader.com\/resultats-des-trophees-rse-2018\/ 21\/10\/2017-Le<\/p>\n","protected":false},"author":1,"featured_media":0,"parent":0,"menu_order":24,"comment_status":"closed","ping_status":"closed","template":"","meta":{"ngg_post_thumbnail":0,"footnotes":""},"_links":{"self":[{"href":"https:\/\/www.abeilles95.fr\/index.php?rest_route=\/wp\/v2\/pages\/48"}],"collection":[{"href":"https:\/\/www.abeilles95.fr\/index.php?rest_route=\/wp\/v2\/pages"}],"about":[{"href":"https:\/\/www.abeilles95.fr\/index.php?rest_route=\/wp\/v2\/types\/page"}],"author":[{"embeddable":true,"href":"https:\/\/www.abeilles95.fr\/index.php?rest_route=\/wp\/v2\/users\/1"}],"replies":[{"embeddable":true,"href":"https:\/\/www.abeilles95.fr\/index.php?rest_route=%2Fwp%2Fv2%2Fcomments&post=48"}],"version-history":[{"count":61,"href":"https:\/\/www.abeilles95.fr\/index.php?rest_route=\/wp\/v2\/pages\/48\/revisions"}],"predecessor-version":[{"id":2752,"href":"https:\/\/www.abeilles95.fr\/index.php?rest_route=\/wp\/v2\/pages\/48\/revisions\/2752"}],"wp:attachment":[{"href":"https:\/\/www.abeilles95.fr\/index.php?rest_route=%2Fwp%2Fv2%2Fmedia&parent=48"}],"curies":[{"name":"wp","href":"https:\/\/api.w.org\/{rel}","templated":true}]}}