{"id":5216,"date":"2022-12-20T18:51:55","date_gmt":"2022-12-20T17:51:55","guid":{"rendered":"https:\/\/www.abeilles95.fr\/?page_id=5216"},"modified":"2026-03-08T10:36:32","modified_gmt":"2026-03-08T08:36:32","slug":"page-speciale-pour-les-bricoleurs-anti-frelons-asiatiques","status":"publish","type":"page","link":"https:\/\/www.abeilles95.fr\/?page_id=5216","title":{"rendered":"Page sp\u00e9ciale pour les \u00ab\u00a0bricoleurs anti-frelons asiatiques\u00a0\u00bb"},"content":{"rendered":"<h2 style=\"text-align: center\"><strong>Recueil de nos diff\u00e9rents documents et tutoriels <\/strong><\/h2>\n<h2 style=\"text-align: center\"><strong>pour construire les mat\u00e9riels anti-frelons pr\u00e9sent\u00e9s dans nos pages<\/strong><\/h2>\n<p>&nbsp;<\/p>\n<h2 align=\"center\"><a href=\"https:\/\/www.abeilles95.fr\/?page_id=5844&amp;preview=true\"><em><strong>Voir aussi la page des derniers d\u00e9veloppements 2024&#8230;<\/strong><\/em><\/a><\/h2>\n<p>&nbsp;<\/p>\n<h3 style=\"background-color: yellow\">Pi\u00e8ges test\u00e9s par les adh\u00e9rents AAVO:<\/h3>\n<h4>\u00a0Pi\u00e8ge caisse mod\u00e8le AAVO\/Raymond<\/h4>\n<ul>\n<li>\n<h4><a href=\"https:\/\/www.abeilles95.fr\/wp-content\/uploads\/2024\/01\/piege-AAVO-Raymond.pdf\">T\u00e9l\u00e9charger les plans de fabrication<\/a><\/h4>\n<\/li>\n<\/ul>\n<h3 style=\"background-color: yellow\">Protections des dessous des ruches:<\/h3>\n<ul>\n<li><a href=\"https:\/\/www.abeilles95.fr\/?page_id=3468#museliere\">Voir les exemples dans la page<\/a><\/li>\n<\/ul>\n<h3 style=\"background-color: yellow\">Museli\u00e8res anti-frelons:<\/h3>\n<h4><strong>\u00a0\u00a0 1. Museli\u00e8res \u00e0 lames<\/strong><\/h4>\n<ul>\n<li><a href=\"https:\/\/www.youtube.com\/watch?v=LnkZhuqNjrs\"><strong>Tuto fabrication museli\u00e8re \u00ab\u00a0v\u00e9nitienne\u00a0\u00bb<\/strong><\/a><\/li>\n<li>Plans museli\u00e8re \u00e0 lames de volet roulant<\/li>\n<\/ul>\n<h4><strong>\u00a0\u00a0 2. Museli\u00e8res \u00e0 tube<\/strong><\/h4>\n<ul>\n<li><strong><a href=\"https:\/\/www.abeilles95.fr\/wp-content\/uploads\/2021\/05\/compressed-Notice-museliere-2-tubes-AAVO-6-Mai-2021.pdf\">Tutoriel fabrication museli\u00e8re \u00e0 2 tubes<\/a><\/strong><\/li>\n<li><a href=\"https:\/\/www.abeilles95.fr\/wp-content\/uploads\/2021\/04\/Plan-de-Raymond-30-Mars-2021.pdf\"><strong>Plan de museli\u00e8re \u00e0 2 tubes<\/strong><\/a><\/li>\n<li><a href=\"https:\/\/www.abeilles95.fr\/?dl_name=PlanmuselieretubeAAVOparRaymondetBruno-Oct2020.pdf\"><strong>Plan de museli\u00e8re \u00e0 3 tubes<\/strong><\/a><\/li>\n<li><a href=\"https:\/\/www.abeilles95.fr\/wp-content\/uploads\/2023\/09\/grille_coude-goutiere-de-80-_75mm.stl\"><strong> Fichier d\u2019impression 3D des grilles 75mm<\/strong><\/a> \u00a0\u00a0 \u00e0 utiliser avec votre programme pour imprimante 3D.<\/li>\n<li><a href=\"https:\/\/www.abeilles95.fr\/wp-content\/uploads\/2023\/09\/grille_coude-evacuation-de-80_73.5mm.stl\"><strong>Fichier d\u2019impression 3D des grilles 73,5mm<\/strong><\/a><\/li>\n<li><a href=\"https:\/\/www.abeilles95.fr\/wp-content\/uploads\/2023\/09\/grille_tube_coude-de-80mm.stl\"><strong>Fichier d\u2019impression 3D des grilles 80mm<\/strong><\/a><\/li>\n<\/ul>\n<p>3. <strong><a href=\"https:\/\/www.abeilles95.fr\/?page_id=5844&amp;preview=true\">Mod\u00e8le \u00e0 flans imprim\u00e9s en 3D dans les derniers d\u00e9veloppements 2024<\/a><\/strong><\/p>\n<p>&nbsp;<\/p>\n<h3 style=\"background-color: yellow\">Harpes pour la protection des ruchers:<\/h3>\n<h4><strong>Mod\u00e8les de harpe \u00e9lectrique AAVO\u00a0<\/strong><\/h4>\n<ul>\n<li style=\"list-style-type: none\">\n<ul>\n<li><strong><a href=\"https:\/\/www.abeilles95.fr\/wp-content\/uploads\/2021\/05\/Compressed-Harpe-electrique-2021-Document-technique-V5-6-mai-_.pdf\">Descriptif technique de fabrication 2021<\/a><\/strong><\/li>\n<li><strong><a href=\"https:\/\/www.abeilles95.fr\/wp-content\/uploads\/2023\/02\/plan-harpe-2020.pdf\">Plans et consignes de fabrication de la harpe AAVO 2021<\/a><\/strong><\/li>\n<li><strong> <a href=\"https:\/\/www.abeilles95.fr\/wp-content\/uploads\/2023\/04\/Harpe-simple-repliable.pdf\"># tutoriel mod\u00e8le simplifi\u00e9 de harpe \u00e9conomique repliable 2023<\/a><\/strong><\/li>\n<li><strong><a href=\"https:\/\/www.abeilles95.fr\/wp-content\/uploads\/2023\/03\/tutoriel-generateur-AAVO_mars2023_sans-fond.pdf\"># nouveau g\u00e9n\u00e9rateur Haute Tension de l&rsquo;AAVO 2023<\/a><\/strong><\/li>\n<li><strong><a href=\"https:\/\/www.abeilles95.fr\/wp-content\/uploads\/2023\/04\/tutoriel-generateur-AAVO_mars2023.pdf\"># nouveau g\u00e9n\u00e9rateur simplifi\u00e9 2023 <\/a><\/strong><\/li>\n<li><strong><a href=\"https:\/\/www.abeilles95.fr\/wp-content\/uploads\/2023\/03\/Harpe-electrique-AAVO-2023-montage-partie-electrique_-panneaux-solaires.pdf\"># tutoriel pour les panneaux solaires <\/a><a href=\"https:\/\/www.abeilles95.fr\/wp-content\/uploads\/2023\/04\/tutoriel-generateur-AAVO_mars2023.pdf\">2023<\/a><a href=\"https:\/\/www.abeilles95.fr\/wp-content\/uploads\/2023\/03\/Harpe-electrique-AAVO-2023-montage-partie-electrique_-panneaux-solaires.pdf\">\u00a0<\/a><\/strong><\/li>\n<li><strong><a href=\"https:\/\/www.abeilles95.fr\/wp-content\/uploads\/2023\/02\/plan-harpe-2020.pdf\"># plans et consignes de fabrication <\/a><a href=\"https:\/\/www.abeilles95.fr\/wp-content\/uploads\/2023\/04\/tutoriel-generateur-AAVO_mars2023.pdf\">2023<\/a><\/strong><\/li>\n<li><strong><a href=\"https:\/\/www.abeilles95.fr\/wp-content\/uploads\/2023\/03\/supportpaninf120.stl\"># fichier impression 3D des supports panneaux inf\u00e9rieur<\/a><a href=\"https:\/\/www.abeilles95.fr\/wp-content\/uploads\/2023\/04\/tutoriel-generateur-AAVO_mars2023.pdf\"> 2023<\/a><\/strong><\/li>\n<li><strong><a href=\"https:\/\/www.abeilles95.fr\/wp-content\/uploads\/2023\/03\/supportpansup120-v6.stl\"># fichier impression 3D des supports panneaux sup\u00e9rieur <\/a><a href=\"https:\/\/www.abeilles95.fr\/wp-content\/uploads\/2023\/04\/tutoriel-generateur-AAVO_mars2023.pdf\">2023<\/a><\/strong><\/li>\n<li><strong><a href=\"https:\/\/www.abeilles95.fr\/wp-content\/uploads\/2023\/03\/support-presse-etoupe-panneau-solaire.stl\"># fichier impression boitier protection pour panneaux <\/a><a href=\"https:\/\/www.abeilles95.fr\/wp-content\/uploads\/2023\/04\/tutoriel-generateur-AAVO_mars2023.pdf\">2023<\/a><\/strong><\/li>\n<li><strong><a href=\"https:\/\/www.abeilles95.fr\/wp-content\/uploads\/2023\/04\/new04_2023_biniveaux.stl\"># fichier d&rsquo;impression des r\u00e9glettes support des fils de harpe simplif\u00e9e 2023<\/a><\/strong><\/li>\n<\/ul>\n<\/li>\n<\/ul>\n<p style=\"text-align: left\" align=\"center\"><a href=\"https:\/\/www.abeilles95.fr\/?page_id=5844&amp;preview=true\"><em><strong>Voir aussi la page des derniers d\u00e9veloppements 2024&#8230; <\/strong><\/em><\/a>harpe tifany, condensateurs de renforcement, tutoriel 2024, installation avec batterie&#8230;<\/p>\n<p>&nbsp;<\/p>\n<h4><strong>Tutoriels de fabrication en video:<\/strong><\/h4>\n<ul>\n<li><a href=\"https:\/\/youtu.be\/5VBpXjaWWn8\"><strong>Installation des fils de harpe 2021 \u00e0 deux personnes<\/strong><\/a><\/li>\n<li><strong><a href=\"https:\/\/youtu.be\/eW9CK8yxIWE\">Fabrication harpe 2021 (pour d\u00e9butant en bricolage)<\/a><\/strong><\/li>\n<li><strong><a href=\"https:\/\/youtu.be\/i3Smguv76yw\">Montage des fils HT 2021 (pour d\u00e9butant en bricolage)<\/a><\/strong><\/li>\n<\/ul>\n<p>&nbsp;<\/p>\n","protected":false},"excerpt":{"rendered":"<p>Recueil de nos diff\u00e9rents documents et tutoriels pour construire les mat\u00e9riels anti-frelons pr\u00e9sent\u00e9s dans nos pages &nbsp; Voir aussi la page des derniers d\u00e9veloppements 2024&#8230; &nbsp; Pi\u00e8ges test\u00e9s par les adh\u00e9rents AAVO: \u00a0Pi\u00e8ge caisse mod\u00e8le AAVO\/Raymond T\u00e9l\u00e9charger les plans de<\/p>\n","protected":false},"author":7,"featured_media":0,"parent":0,"menu_order":0,"comment_status":"closed","ping_status":"closed","template":"","meta":{"ngg_post_thumbnail":0,"footnotes":""},"_links":{"self":[{"href":"https:\/\/www.abeilles95.fr\/index.php?rest_route=\/wp\/v2\/pages\/5216"}],"collection":[{"href":"https:\/\/www.abeilles95.fr\/index.php?rest_route=\/wp\/v2\/pages"}],"about":[{"href":"https:\/\/www.abeilles95.fr\/index.php?rest_route=\/wp\/v2\/types\/page"}],"author":[{"embeddable":true,"href":"https:\/\/www.abeilles95.fr\/index.php?rest_route=\/wp\/v2\/users\/7"}],"replies":[{"embeddable":true,"href":"https:\/\/www.abeilles95.fr\/index.php?rest_route=%2Fwp%2Fv2%2Fcomments&post=5216"}],"version-history":[{"count":56,"href":"https:\/\/www.abeilles95.fr\/index.php?rest_route=\/wp\/v2\/pages\/5216\/revisions"}],"predecessor-version":[{"id":6268,"href":"https:\/\/www.abeilles95.fr\/index.php?rest_route=\/wp\/v2\/pages\/5216\/revisions\/6268"}],"wp:attachment":[{"href":"https:\/\/www.abeilles95.fr\/index.php?rest_route=%2Fwp%2Fv2%2Fmedia&parent=5216"}],"curies":[{"name":"wp","href":"https:\/\/api.w.org\/{rel}","templated":true}]}}