{"id":58,"date":"2011-11-14T09:17:35","date_gmt":"2011-11-14T08:17:35","guid":{"rendered":"http:\/\/www.abeilles95.fr\/?page_id=58"},"modified":"2022-10-06T18:26:02","modified_gmt":"2022-10-06T17:26:02","slug":"legislation","status":"publish","type":"page","link":"https:\/\/www.abeilles95.fr\/?page_id=58","title":{"rendered":"L\u00e9gislation"},"content":{"rendered":"<div>\n<p><span style=\"text-decoration: underline\"><span style=\"background-color: #ffdc73\"><strong><u>Nouvelle proc\u00e9dure de d\u00e9claration de ruches<\/u><\/strong><\/span><\/span><\/p>\n<p>Tout apiculteur est tenu de d\u00e9clarer chaque ann\u00e9e entre le 1<sup>er<\/sup> septembre et le 31 d\u00e9cembre les colonies d\u2019abeilles qu\u2018il poss\u00e8de.<\/p>\n<p>La d\u00e9claration concourt \u00e0 la gestion sanitaire des abeilles et \u00e0 l\u2019attribution des aides europ\u00e9ennes pour la fili\u00e8re apicole fran\u00e7aise.<\/p>\n<p>La d\u00e9claration de ruches est \u00e0 r\u00e9aliser sur le site <a href=\"https:\/\/mesdemarches.agriculture.gouv.fr\/demarches\/particulier\/effectuer-une-declaration-55\/article\/declarer-des-ruches\">https:\/\/mesdemarches.agriculture.gouv.fr\/demarches\/particulier\/effectuer-une-declaration-55\/article\/declarer-des-ruches <\/a><\/p>\n<p>Les nouveaux apiculteurs doivent \u00e9galement demander un num\u00e9ro NAPI dans \u00ab d\u00e9clarer des ruches \u00bb.<\/p>\n<p>Pour ceux qui n\u2019ont pas d\u2019ordinateur, possibilit\u00e9 de d\u00e9clarer <strong>sur le nouveau formulaire Cerfa N\u00b013995*05<\/strong> \u00e0 envoyer \u00e0:<\/p>\n<p align=\"justify\"><strong>SMSI \/ DGAL<\/strong><strong><br \/>\n<\/strong><strong>D\u00e9claration de ruches<\/strong><strong><br \/>\n<\/strong><strong>45 rue Ars\u00e8ne LACARRIERE LATOUR<\/strong><strong><br \/>\n<\/strong><strong>15220 SAINT MAMET<\/strong><\/p>\n<p align=\"justify\">\n<p><span style=\"text-decoration: underline\"><span style=\"background-color: #ffdc73\"><strong><u>Fiscalit\u00e9 &#8211; le micro-b\u00e9n\u00e9fice agricole \u00ab\u00a0micro BA\u00a0\u00bb:<\/u><\/strong> <\/span><\/span><\/p>\n<p>Les apiculteurs devront d\u00e9clarer leurs revenus r\u00e9els sur le formulaire ad\u00e9quat de d\u00e9claration des revenus agricoles.<\/p>\n<p>Sur la d\u00e9claration des revenus <span id=\"page1865R_mcid3\" class=\"markedContent\"><span dir=\"ltr\" role=\"presentation\">2042<\/span> <span dir=\"ltr\" role=\"presentation\">C PRO<\/span><\/span><span id=\"page1865R_mcid4\" class=\"markedContent\">\u00a0 Cerfa <span dir=\"ltr\" role=\"presentation\">N\u00b011222 <\/span><\/span><span id=\"page1865R_mcid129\" class=\"markedContent\"><span dir=\"ltr\" role=\"presentation\">D\u00c9CLARATION COMPL\u00c9MENTAIRE<\/span><\/span>, vous pouvez renseigner les lignes du <strong><u>\u00ab\u00a0micro BA\u00a0\u00bb<\/u><\/strong><\/p>\n<p>Il vous faut tout d\u00e9clarer :<\/p>\n<p>&#8211; les recettes<\/p>\n<p>&#8211; les locations en nature donn\u00e9es au propri\u00e9taire<\/p>\n<p>&#8211; etc \u2026<\/p>\n<p>Les productions autoconsomm\u00e9es ne correspondent pas \u00e0 une recette<\/p>\n<p>Pour cela vous devez tenir un livre de recettes en inscrivant quotidiennement les sommes per\u00e7ues.<\/p>\n<p>Le b\u00e9n\u00e9fice imposable ann\u00e9e N = 13%x (recette ann\u00e9e N + recette ann\u00e9e N-1 + recette ann\u00e9e N-2). Cela correspond \u00e0 un abattement de 87%, cet abattement ne peut \u00eatre inf\u00e9rieur \u00e0 305\u20ac (LOI n\u00b02021-1900 du 30 d\u00e9cembre 2021 &#8211; art. 7)(V). Le b\u00e9n\u00e9fice doit donc \u00eatre sup\u00e9rieur 305\u20ac pour \u00eatre imposable.<\/p>\n<p>&nbsp;<\/p>\n<p><span style=\"text-decoration: underline\"><span style=\"background-color: #ffdc73\"><strong><u>Vente de miel<\/u><\/strong><\/span><\/span><\/p>\n<p>Quel que soit le statut de l\u2019entreprise, son immatriculation est obligatoire. Elle lui conf\u00e8re une existence l\u00e9gale et attribue \u00e0 l\u2019entreprise un certain nombre de num\u00e9ros d\u2019identification : Siren, Siret, APE\u2026<\/p>\n<p>Si vous vendez du miel, vous devez demander un n\u00b0 <strong>SIRET <\/strong>sur le guichet \u00e9lectronique qui est disponible depuis le 1<sup>er<\/sup> janvier 2022. Il s\u2019agit du site <a href=\"https:\/\/formalites.entreprises.gouv.fr\/\">formalites.entreprises.gouv.fr.<\/a><\/p>\n<p>C&rsquo;est lors de cette d\u00e9claration que vous choisirez le r\u00e9gime de micro entreprise agricole (micro BA) et le code APE pour l&rsquo;\u00e9levage des abeilles. Le code APE 0149Z est le code correspondant aux entreprises, associations ou aux micro-entreprises exer\u00e7ant l&rsquo;activit\u00e9 nomm\u00e9e \u00ab\u00a0\u00c9levage d&rsquo;autres animaux\u00a0\u00bb.<\/p>\n<\/div>\n","protected":false},"excerpt":{"rendered":"<p>Nouvelle proc\u00e9dure de d\u00e9claration de ruches Tout apiculteur est tenu de d\u00e9clarer chaque ann\u00e9e entre le 1er septembre et le 31 d\u00e9cembre les colonies d\u2019abeilles qu\u2018il poss\u00e8de. La d\u00e9claration concourt \u00e0 la gestion sanitaire des abeilles et \u00e0 l\u2019attribution des<\/p>\n","protected":false},"author":7,"featured_media":0,"parent":0,"menu_order":0,"comment_status":"closed","ping_status":"closed","template":"","meta":{"ngg_post_thumbnail":0,"footnotes":""},"_links":{"self":[{"href":"https:\/\/www.abeilles95.fr\/index.php?rest_route=\/wp\/v2\/pages\/58"}],"collection":[{"href":"https:\/\/www.abeilles95.fr\/index.php?rest_route=\/wp\/v2\/pages"}],"about":[{"href":"https:\/\/www.abeilles95.fr\/index.php?rest_route=\/wp\/v2\/types\/page"}],"author":[{"embeddable":true,"href":"https:\/\/www.abeilles95.fr\/index.php?rest_route=\/wp\/v2\/users\/7"}],"replies":[{"embeddable":true,"href":"https:\/\/www.abeilles95.fr\/index.php?rest_route=%2Fwp%2Fv2%2Fcomments&post=58"}],"version-history":[{"count":82,"href":"https:\/\/www.abeilles95.fr\/index.php?rest_route=\/wp\/v2\/pages\/58\/revisions"}],"predecessor-version":[{"id":5161,"href":"https:\/\/www.abeilles95.fr\/index.php?rest_route=\/wp\/v2\/pages\/58\/revisions\/5161"}],"wp:attachment":[{"href":"https:\/\/www.abeilles95.fr\/index.php?rest_route=%2Fwp%2Fv2%2Fmedia&parent=58"}],"curies":[{"name":"wp","href":"https:\/\/api.w.org\/{rel}","templated":true}]}}