{"id":5844,"date":"2024-05-22T11:09:50","date_gmt":"2024-05-22T10:09:50","guid":{"rendered":"https:\/\/www.abeilles95.fr\/?page_id=5844"},"modified":"2025-02-10T16:15:58","modified_gmt":"2025-02-10T15:15:58","slug":"developpements-2024-materiels-anti-frelons","status":"publish","type":"page","link":"https:\/\/www.abeilles95.fr\/?page_id=5844","title":{"rendered":"D\u00e9veloppements 2024 mat\u00e9riels anti-frelons"},"content":{"rendered":"<h1 style=\"text-align: center\"><span style=\"color: #993300\">D\u00e9veloppements 2024 mat\u00e9riels anti-frelons<\/span><\/h1>\n<h4 style=\"text-align: center\">Ci apr\u00e8s les d\u00e9veloppements en cours (test\u00e9s avec succ\u00e8s dans nos ruchers cette ann\u00e9e 2024)<\/h4>\n<p><a href=\"https:\/\/www.abeilles95.fr\/?page_id=3468\"><strong><em>pour revenir \u00e0 l&rsquo;expos\u00e9 g\u00e9n\u00e9ral sur les diff\u00e9rents mat\u00e9riels de protection: retour<\/em><\/strong><\/a><\/p>\n<p>&nbsp;<\/p>\n<h2 style=\"text-align: center\">Museli\u00e8re \u00e0 fixation rapide avec faces lat\u00e9rales imprim\u00e9es en 3D<\/h2>\n<p>Cette version permet un montage facilit\u00e9 sur les ruches en pr\u00e9sentant directement la museli\u00e8re sur des pitons d\u00e9j\u00e0 en place.<\/p>\n<p><a href=\"https:\/\/www.abeilles95.fr\/wp-content\/uploads\/2024\/05\/fixation-cote-mus2024.jpg\"><img loading=\"lazy\" decoding=\"async\" class=\" wp-image-5860 aligncenter\" src=\"https:\/\/www.abeilles95.fr\/wp-content\/uploads\/2024\/05\/fixation-cote-mus2024-300x244.jpg\" alt=\"\" width=\"604\" height=\"491\" srcset=\"https:\/\/www.abeilles95.fr\/wp-content\/uploads\/2024\/05\/fixation-cote-mus2024-300x244.jpg 300w, https:\/\/www.abeilles95.fr\/wp-content\/uploads\/2024\/05\/fixation-cote-mus2024.jpg 696w\" sizes=\"(max-width: 604px) 100vw, 604px\" \/><\/a><\/p>\n<h3>T<a href=\"https:\/\/www.abeilles95.fr\/wp-content\/uploads\/2024\/05\/museliereRaymond2024-1.pdf\">\u00e9l\u00e9charger le document de fabrication museli\u00e8re \u00e0 flasques 3D<\/a><\/h3>\n<h3>T\u00e9l\u00e9charger les fichiers d&rsquo;impression 3D\u00a0 (stl)<\/h3>\n<h4>\u00a0\u00a0\u00a0\u00a0\u00a0\u00a0\u00a0\u00a0\u00a0 <a href=\"https:\/\/www.abeilles95.fr\/wp-content\/uploads\/2024\/05\/cote-droit-dune-museliere-v2.stl\">flasque droit<\/a><\/h4>\n<h4>\u00a0\u00a0\u00a0\u00a0\u00a0\u00a0\u00a0\u00a0\u00a0 <a href=\"https:\/\/www.abeilles95.fr\/wp-content\/uploads\/2024\/05\/Cote-gauche-d-une-museliere-v1.stl\">flasque gauche<\/a><\/h4>\n<h2 style=\"text-align: center\">********************************<\/h2>\n<h2 style=\"text-align: center\">Harpes \u00e0 circuit simplifi\u00e9 en bande de cuivre<\/h2>\n<p>Les diff\u00e9rents mod\u00e8les test\u00e9s sur ce principe ont un avantage \u00e9lectrique important. La haute tension \u00e9lectrique est la m\u00eame sur toute la largeur de la harpe. En effet, une liaison en cuivre est coll\u00e9e de chaque cot\u00e9 d&rsquo;un bande plastique pour distribuer la haute tension \u00e0 chaque fil. Diff\u00e9rentes versions ont \u00e9t\u00e9 fabriqu\u00e9es avec ce principe (per\u00e7ages et vis, trous et rivets sur bande PVC, fils ind\u00e9pendants, enroulement de deux fils,..).<\/p>\n<p><a href=\"https:\/\/www.abeilles95.fr\/wp-content\/uploads\/2024\/05\/ensemble.jpg\"><img loading=\"lazy\" decoding=\"async\" class=\"wp-image-5850 aligncenter\" src=\"https:\/\/www.abeilles95.fr\/wp-content\/uploads\/2024\/05\/ensemble-300x168.jpg\" alt=\"\" width=\"680\" height=\"381\" srcset=\"https:\/\/www.abeilles95.fr\/wp-content\/uploads\/2024\/05\/ensemble-300x168.jpg 300w, https:\/\/www.abeilles95.fr\/wp-content\/uploads\/2024\/05\/ensemble-768x431.jpg 768w, https:\/\/www.abeilles95.fr\/wp-content\/uploads\/2024\/05\/ensemble.jpg 920w\" sizes=\"(max-width: 680px) 100vw, 680px\" \/><\/a><\/p>\n<h3><a href=\"https:\/\/www.abeilles95.fr\/wp-content\/uploads\/2024\/05\/Harpe-anti-frelon-ruban-cuivre-Tiffany-2024-GJ-V2.pdf\"><strong>T\u00e9l\u00e9charger le document de fabrication harpe \u00ab\u00a0tiffany\u00a0\u00bb&#8230;<\/strong><\/a><\/h3>\n<h2 style=\"text-align: center\">******************************<\/h2>\n<h2 style=\"text-align: center\">Compl\u00e9ment d&rsquo;efficacit\u00e9 des g\u00e9n\u00e9rateurs pour harpe<\/h2>\n<p>Nous avons constat\u00e9 que les harpes \u00e0 fils enroul\u00e9s sur trois nappes ( type harpe AAVO 2021 ou plus r\u00e9centes) n&rsquo;ont pas la m\u00eame d\u00e9charge (vigueur de l&rsquo;\u00e9tincelle) entre la zone o\u00f9 le g\u00e9n\u00e9rateur est branch\u00e9 et la zone oppos\u00e9e de fin de bobinage. Quelques frelons pourraient traverser&#8230;C&rsquo;est effectivement plus de 25m de fil inox qui oppose cette r\u00e9sistance au courant haute tension.<\/p>\n<p>Une solution r\u00e9side dans l&rsquo;ajout d&rsquo;un condensateur du m\u00eame type que celui utilis\u00e9 dans le module du g\u00e9n\u00e9rateur. Il suffit d&rsquo;ins\u00e9rer un ensemble de deux condensateurs qui tiennent 2000V en s\u00e9rie pour tenir \u00e9ventuellement jusqu&rsquo;\u00e0 4000V.<\/p>\n<p>La photo ci dessous montre le montage de deux condensateurs de 1\u00b5F (aliexpress\u00a0 condensateurs 105 2KV\u00a0 ou\u00a0 104\u00a0 2KV) qui vont permettre une d\u00e9charge d&rsquo;environ 0,5 Joule (3 \u00e0 10 fois sup\u00e9rieure \u00e0 l&rsquo;initiale) mais sans danger pour les humains.<\/p>\n<p>Pour les bricoleurs, la soudure d&rsquo;un condensateur suppl\u00e9mentaire sur le module du g\u00e9n\u00e9rateur est aussi possible (ne pas d\u00e9passer 100 nF soit 104 2KV\u00a0<em> aliexpress: Condensateur en film polypropyl\u00e8ne 0.1uF 2000V 2KV CBB 104<\/em>). La consommation \u00e9lectrique du g\u00e9n\u00e9rateur sera cependant plus importante.<\/p>\n<p>&nbsp;<\/p>\n<p style=\"text-align: center\"><a href=\"https:\/\/www.abeilles95.fr\/wp-content\/uploads\/2024\/09\/condensateurs_harpe.jpg\"><img loading=\"lazy\" decoding=\"async\" class=\"alignnone size-medium wp-image-5936\" src=\"https:\/\/www.abeilles95.fr\/wp-content\/uploads\/2024\/09\/condensateurs_harpe-300x225.jpg\" alt=\"\" width=\"300\" height=\"225\" srcset=\"https:\/\/www.abeilles95.fr\/wp-content\/uploads\/2024\/09\/condensateurs_harpe-300x225.jpg 300w, https:\/\/www.abeilles95.fr\/wp-content\/uploads\/2024\/09\/condensateurs_harpe-768x577.jpg 768w, https:\/\/www.abeilles95.fr\/wp-content\/uploads\/2024\/09\/condensateurs_harpe.jpg 1023w\" sizes=\"(max-width: 300px) 100vw, 300px\" \/><\/a><\/p>\n<p style=\"text-align: center\">********<\/p>\n<h2 style=\"text-align: center\">Tutoriel d\u00e9taill\u00e9 de fabrication des harpes \u00ab\u00a0tr\u00e9teaux\u00a0\u00bb<\/h2>\n<h2 style=\"text-align: center\">et du g\u00e9n\u00e9rateur Haute Tension avec batterie et panneau solaire 2024<\/h2>\n<p>&nbsp;<\/p>\n<p style=\"text-align: center\"><a href=\"https:\/\/www.abeilles95.fr\/wp-content\/uploads\/2024\/10\/harpesFR.jpg\"><img loading=\"lazy\" decoding=\"async\" class=\"wp-image-5953 alignleft\" src=\"https:\/\/www.abeilles95.fr\/wp-content\/uploads\/2024\/10\/harpesFR-300x164.jpg\" alt=\"\" width=\"371\" height=\"203\" srcset=\"https:\/\/www.abeilles95.fr\/wp-content\/uploads\/2024\/10\/harpesFR-300x164.jpg 300w, https:\/\/www.abeilles95.fr\/wp-content\/uploads\/2024\/10\/harpesFR-768x420.jpg 768w, https:\/\/www.abeilles95.fr\/wp-content\/uploads\/2024\/10\/harpesFR.jpg 1024w\" sizes=\"(max-width: 371px) 100vw, 371px\" \/><\/a> <a href=\"https:\/\/www.abeilles95.fr\/wp-content\/uploads\/2024\/10\/generateurFR.jpg\"><img loading=\"lazy\" decoding=\"async\" class=\"wp-image-5952 alignright\" src=\"https:\/\/www.abeilles95.fr\/wp-content\/uploads\/2024\/10\/generateurFR-237x300.jpg\" alt=\"\" width=\"312\" height=\"395\" srcset=\"https:\/\/www.abeilles95.fr\/wp-content\/uploads\/2024\/10\/generateurFR-237x300.jpg 237w, https:\/\/www.abeilles95.fr\/wp-content\/uploads\/2024\/10\/generateurFR.jpg 768w\" sizes=\"(max-width: 312px) 100vw, 312px\" \/><\/a><\/p>\n<p>&nbsp;<\/p>\n<h2><\/h2>\n<h2><\/h2>\n<h2><\/h2>\n<h2><\/h2>\n<h2><\/h2>\n<h2><\/h2>\n<h2><\/h2>\n<h3 style=\"text-align: center\"><a href=\"https:\/\/www.abeilles95.fr\/wp-content\/uploads\/2024\/10\/HTD-module-HT-Atelier-vf-2410.pdf\">T\u00e9l\u00e9charger le tutoriel d\u00e9taill\u00e9 ici<\/a><\/h3>\n<h2><\/h2>\n<h2 style=\"text-align: center\">********************************<\/h2>\n<h2 style=\"text-align: center\">Installation \u00e9lectrique des harpes avec une batterie de 12V<\/h2>\n<p>Syst\u00e8me centralis\u00e9 d&rsquo;alimentation des g\u00e9n\u00e9rateurs Haute Tension des harpes \u00e9lectriques d&rsquo;un rucher entier.<\/p>\n<p>Avantage: une horloge programmable d\u00e9clenche les g\u00e9n\u00e9rateurs le matin jusqu&rsquo;au soir quelque soit la couverture nuageuse de fin de saison&#8230;. Une version avec panneau solaire permet de s&rsquo;affranchir du rechargement de la batterie&#8230;<\/p>\n<h3 style=\"text-align: center\"><a href=\"https:\/\/www.abeilles95.fr\/wp-content\/uploads\/2025\/02\/Tutoriel-Installation-electrique-harpes-au-rucher.pdf\">t\u00e9l\u00e9charger le tutoriel d&rsquo;installation au rucher<\/a><\/h3>\n","protected":false},"excerpt":{"rendered":"<p>D\u00e9veloppements 2024 mat\u00e9riels anti-frelons Ci apr\u00e8s les d\u00e9veloppements en cours (test\u00e9s avec succ\u00e8s dans nos ruchers cette ann\u00e9e 2024) pour revenir \u00e0 l&rsquo;expos\u00e9 g\u00e9n\u00e9ral sur les diff\u00e9rents mat\u00e9riels de protection: retour &nbsp; Museli\u00e8re \u00e0 fixation rapide avec faces lat\u00e9rales imprim\u00e9es<\/p>\n","protected":false},"author":7,"featured_media":0,"parent":0,"menu_order":0,"comment_status":"closed","ping_status":"closed","template":"","meta":{"ngg_post_thumbnail":0,"footnotes":""},"_links":{"self":[{"href":"https:\/\/www.abeilles95.fr\/index.php?rest_route=\/wp\/v2\/pages\/5844"}],"collection":[{"href":"https:\/\/www.abeilles95.fr\/index.php?rest_route=\/wp\/v2\/pages"}],"about":[{"href":"https:\/\/www.abeilles95.fr\/index.php?rest_route=\/wp\/v2\/types\/page"}],"author":[{"embeddable":true,"href":"https:\/\/www.abeilles95.fr\/index.php?rest_route=\/wp\/v2\/users\/7"}],"replies":[{"embeddable":true,"href":"https:\/\/www.abeilles95.fr\/index.php?rest_route=%2Fwp%2Fv2%2Fcomments&post=5844"}],"version-history":[{"count":25,"href":"https:\/\/www.abeilles95.fr\/index.php?rest_route=\/wp\/v2\/pages\/5844\/revisions"}],"predecessor-version":[{"id":5984,"href":"https:\/\/www.abeilles95.fr\/index.php?rest_route=\/wp\/v2\/pages\/5844\/revisions\/5984"}],"wp:attachment":[{"href":"https:\/\/www.abeilles95.fr\/index.php?rest_route=%2Fwp%2Fv2%2Fmedia&parent=5844"}],"curies":[{"name":"wp","href":"https:\/\/api.w.org\/{rel}","templated":true}]}}