{"id":60,"date":"2011-11-14T09:17:58","date_gmt":"2011-11-14T09:17:58","guid":{"rendered":"http:\/\/www.abeilles95.fr\/?page_id=60"},"modified":"2025-05-04T18:43:20","modified_gmt":"2025-05-04T17:43:20","slug":"les-cueilleurs-dessaims","status":"publish","type":"page","link":"https:\/\/www.abeilles95.fr\/?page_id=60","title":{"rendered":"Les cueilleurs d&rsquo;essaims"},"content":{"rendered":"<p>Un essaim<\/p>\n<table style=\"border-width: 0px;\">\n<tbody>\n<tr style=\"border-width: 0px;\">\n<td style=\"border-width: 0px;\">Cela ressemble \u00e0 un ballon (de rugby) brun-noir,<br \/>\nplus ou moins gros suspendu \u00e0 une branche ou un gros paquet plaqu\u00e9 dans un arbre,<br \/>\nune encoignure de porte, dans un abri quelconque.<br \/>\nParfois, elles viennent d&rsquo;arriver,<br \/>\nn&rsquo;ont rien bati et forment un amas compacte suspendu.La forme est alors variable en fonction du support ou elles se tiennent.<\/td>\n<td style=\"border-width: 0px;\"><img decoding=\"async\" src=\"https:\/\/www.abeilles95.fr\/wp-content\/uploads\/image\/256px-Essaim_036_.JPG\" alt=\"\" width=\"320px\" height=\"auto\"><\/td>\n<\/tr>\n<\/tbody>\n<\/table>\n<table style=\"border-width: 0px;\">\n<tbody>\n<tr style=\"border-width: 0px;\">\n<td style=\"border-width: 0px;\">Une ou des plaque(s) verticale(s) de cire jaune clair accroch\u00e9e(s) dans une haie, un arbre,<br \/>\nune encoignure de porte, sous un toit, un abri, ou s&rsquo;affairent beaucoup d&rsquo;insectes brun-noir.Vous constatez un important trafic d&rsquo;insectes entre un lieu un peu ferm\u00e9 et l&rsquo;ext\u00e9rieur.<br \/>\nObservez les insectes:<br \/>\ns&rsquo;ils sont de couleur brun-noir (avec parfois des rayures un peu claires),<br \/>\nce sont des <strong>abeilles<\/strong>.<\/td>\n<td style=\"border-width: 0px;\"><img decoding=\"async\" src=\"https:\/\/www.abeilles95.fr\/wp-content\/uploads\/image\/256px-Essaim_37_.jpg\" alt=\"\" width=\"330px\" height=\"auto\"><\/td>\n<\/tr>\n<\/tbody>\n<\/table>\n<p><strong>Pour des abeilles, ne tentez pas de les d\u00e9truire, c&rsquo;est interdit et cela serai risqu\u00e9: appelez l&rsquo;apiculteur le plus proche.<\/strong><\/p>\n<p>A ne pas confondre avec:<\/p>\n<table style=\"border-width: 0px;\">\n<tbody>\n<tr style=\"border-width: 0px;\">\n<td style=\"border-width: 0px;\">une boule blanche plus ou moins grosse d&rsquo;ou entrent et sortent des insectes \u00e0 dominante jaune,<br \/>\net \u00e0 rayures noires.<strong>Ce sont des gu\u00e8pes<\/strong><\/td>\n<td style=\"border-width: 0px;\"><img decoding=\"async\" src=\"https:\/\/www.abeilles95.fr\/wp-content\/uploads\/image\/Guepe_nid_1.jpg\" alt=\"\" width=\"330px\" height=\"auto\"><\/td>\n<\/tr>\n<\/tbody>\n<\/table>\n<p><strong>Si elles vous paraissent une menace, appelez le 18 (pompiers)<\/strong><\/p>\n<p>Vous ne voyez ni essaim, ni rien de construit mais&#8230;des insectes noirs sortent de trous creus\u00e9s dans la terre d&rsquo;un talus. Ce sont des abeilles solitaires qui vivent en colonies, qui ne formeront jamais un essaim et ne pr\u00e9sentent aucun danger.<\/p>\n<p>Laissez-les.<\/p>\n<p style=\"text-align: center;\"><strong style=\"background-color: #ffdc73;\">Liste des apiculteurs cueilleurs de l&rsquo;AAVO<\/strong><\/p>\n<p><img decoding=\"async\" src=\"http:\/\/www.abeilles95.fr\/wp-content\/plugins\/wp-downloadmanager\/images\/ext\/pdf.gif\" alt=\"\" title=\"\" style=\"vertical-align: middle;\" \/>&nbsp;&nbsp;<strong><a href=\"https:\/\/www.abeilles95.fr\/?dl_name=Charte_du_cueilleur_dessaim.pdf\">Charte_du_cueilleur_dessaim.pdf<\/a><\/strong> (22,7 KiB, 3\u00a0246 hits)<\/p>\n<table border=\"3\" width=\"100%\" cellspacing=\"1\" cellpadding=\"1\" align=\"left\">\n<tbody>\n<tr>\n<td><strong>R\u00e9sidence<\/strong><\/td>\n<td><strong>Nom<\/strong><\/td>\n<td><strong>Contact<\/strong><\/td>\n<td><strong>Autres commune couvertes<\/strong><\/td>\n<\/tr>\n<tr>\n<td>Cauvigny<\/td>\n<td>Benoit Patrick<\/td>\n<td>06 25 67 17 23<\/td>\n<td>Bernes S\/O, Bruyeres S\/O, Chambly, Persan, Beaumont S\/O, Viarmes, Asnieres S\/O, Noisy S\/O<\/td>\n<\/tr>\n<tr>\n<td>Cormeilles en Parisy<\/td>\n<td>Deramecourt Gilles<\/td>\n<td>06 80 14 12 22<\/td>\n<td>Cormeilles en P. , Franconvilles, Sannois, Epinay, Bezons, Argenteuil, Sartrouville<\/td>\n<\/tr>\n<tr>\n<td>Eaubonne<\/td>\n<td>Ch\u00e9ron Fran\u00e7ois<\/td>\n<td>06 09 24 78 68<\/td>\n<td>Eaubonne et communes environnantes<\/td>\n<\/tr>\n<tr>\n<td>Goussainville<\/td>\n<td>Serra S\u00e9bastien<\/td>\n<td>06 77 16 81 12<\/td>\n<td>Goussainville<\/td>\n<\/tr>\n<tr>\n<td>Groslay<\/td>\n<td>Ouvrard Christine<\/td>\n<td>06 21 06 67 66<\/td>\n<td>Groslay, Deuil et Montmorency<\/td>\n<\/tr>\n<tr>\n<td>L&rsquo;isle Adam<\/td>\n<td>Villars G\u00e9rard<\/td>\n<td>06 68 24 84 08<\/td>\n<td>L&rsquo;isle Adam et communes environnantes<\/td>\n<\/tr>\n<tr>\n<td>Montmagny<\/td>\n<td>Volle Jean-Marie<\/td>\n<td>06 88 24 69 16<\/td>\n<td>Montmagny et communes environnantes<\/td>\n<\/tr>\n<tr>\n<td>Saint Prix<\/td>\n<td>Lemaire Jean-Paul<\/td>\n<td>06 10 90 19 17<\/td>\n<td>Saint-Prix et communes \u00e0 l&rsquo;entour&#8230;<\/td>\n<\/tr>\n<tr>\n<td>Sannois<\/td>\n<td>Cannizzaro Laurent<\/td>\n<td>06 22 84 46 92<\/td>\n<td>Sannois,franconville,Ermont,Argenteuil,Beauchamp,St gratien<\/td>\n<\/tr>\n<tr>\n<td>Sarcelles<\/td>\n<td>Galvez Rafael<\/td>\n<td>06 74 41 16 38<\/td>\n<td>Sarcelles et communes \u00e0 l&rsquo;entour&#8230;<\/td>\n<\/tr>\n<tr>\n<td>Taverny<\/td>\n<td>Zardini Bernard<\/td>\n<td>01 39 60 15 86<\/td>\n<td>Taverny<\/td>\n<\/tr>\n<tr>\n<td>Valmondois<\/td>\n<td>Saintoul Michel<\/td>\n<td>06 84 90 04 97<\/td>\n<td>Valmondois et communes \u00e0 l&rsquo;entour&#8230;<\/td>\n<\/tr>\n<\/tbody>\n<\/table>\n","protected":false},"excerpt":{"rendered":"<p>Un essaim Cela ressemble \u00e0 un ballon (de rugby) brun-noir, plus ou moins gros suspendu \u00e0 une branche ou un gros paquet plaqu\u00e9 dans un arbre, une encoignure de porte, dans un abri quelconque. Parfois, elles viennent d&rsquo;arriver, n&rsquo;ont rien<\/p>\n","protected":false},"author":1,"featured_media":0,"parent":0,"menu_order":9,"comment_status":"closed","ping_status":"closed","template":"","meta":{"ngg_post_thumbnail":0,"footnotes":""},"_links":{"self":[{"href":"https:\/\/www.abeilles95.fr\/index.php?rest_route=\/wp\/v2\/pages\/60"}],"collection":[{"href":"https:\/\/www.abeilles95.fr\/index.php?rest_route=\/wp\/v2\/pages"}],"about":[{"href":"https:\/\/www.abeilles95.fr\/index.php?rest_route=\/wp\/v2\/types\/page"}],"author":[{"embeddable":true,"href":"https:\/\/www.abeilles95.fr\/index.php?rest_route=\/wp\/v2\/users\/1"}],"replies":[{"embeddable":true,"href":"https:\/\/www.abeilles95.fr\/index.php?rest_route=%2Fwp%2Fv2%2Fcomments&post=60"}],"version-history":[{"count":232,"href":"https:\/\/www.abeilles95.fr\/index.php?rest_route=\/wp\/v2\/pages\/60\/revisions"}],"predecessor-version":[{"id":6037,"href":"https:\/\/www.abeilles95.fr\/index.php?rest_route=\/wp\/v2\/pages\/60\/revisions\/6037"}],"wp:attachment":[{"href":"https:\/\/www.abeilles95.fr\/index.php?rest_route=%2Fwp%2Fv2%2Fmedia&parent=60"}],"curies":[{"name":"wp","href":"https:\/\/api.w.org\/{rel}","templated":true}]}}