{"id":7,"date":"2011-10-27T19:42:09","date_gmt":"2011-10-27T19:42:09","guid":{"rendered":"http:\/\/www.abeilles95.fr\/?page_id=7"},"modified":"2025-11-14T18:09:01","modified_gmt":"2025-11-14T16:09:01","slug":"accueil","status":"publish","type":"page","link":"https:\/\/www.abeilles95.fr\/","title":{"rendered":"Accueil"},"content":{"rendered":"<div><a class=\"buttons\" href=\"https:\/\/www.abeilles95.fr\/?page_id=2446\"><button class=\"positive\" type=\"submit\"><img decoding=\"async\" src=\".\/wp-content\/themes\/weaver\/images\/fleche-droite.png\" alt=\"\">Adh\u00e9sion 2026<\/button> <\/a><\/div>\n<div><a class=\"buttons\" href=\"https:\/\/www.abeilles95.fr\/?page_id=5216\"><button class=\"positive\" type=\"submit\"><img decoding=\"async\" src=\".\/wp-content\/themes\/weaver\/images\/fleche-droite.png\" alt=\"\">T\u00e9l\u00e9chargement des outils anti-frelons<\/button> <\/a><\/div>\n<div>\n<p><!--<a class=\"buttons\" href=\"https:\/\/www.abeilles95.fr\/?page_id=2446\"><button class=\"positive\" type=\"submit\"><img decoding=\"async\" alt=\"\" src=\".\/wp-content\/themes\/weaver\/images\/fleche-droite.png\">Adhesion 2021<\/button> <\/a>--><a class=\"buttons\" href=\"https:\/\/www.abeilles95.fr\/?page_id=60\"><button class=\"positive\" type=\"submit\"><img decoding=\"async\" src=\".\/wp-content\/themes\/weaver\/images\/fleche-droite.png\" alt=\"\">Un essaim vous importune ? <\/button> <\/a><a class=\"buttons\" href=\"https:\/\/www.abeilles95.fr\/?page_id=1806\"><button class=\"positive\" type=\"submit\"><img decoding=\"async\" src=\".\/wp-content\/themes\/weaver\/images\/fleche-droite.png\" alt=\"\">Des frelons asiatiques ? <\/button> <\/a><\/p>\n<p><br clear=\"\"><br clear=\"\"><\/p>\n<div>\n<p>L&rsquo;association <strong><em>Les Amis des Abeilles du Val-d\u2019Oise (AAVO95)<\/em> <\/strong>rassemble depuis 1985 des apiculteurs et des personnes s&rsquo;int\u00e9ressant \u00e0 la vie des abeilles.<\/p>\n<p>Son rucher \u00e9cole offre l&rsquo;occasion \u00e0 tous les adh\u00e9rents d&rsquo;observer, d&rsquo;apprendre, de s&rsquo;entrainer, et de se former pratiquement \u00e0 l&rsquo;apiculture. Il est ouvert tous les samedis apr\u00e8s-midi du printemps \u00e0 l&rsquo;automne lorsque les conditions m\u00e9t\u00e9orologiques le permettent.<\/p>\n<p>Les r\u00e9unions mensuelles permettent aux adh\u00e9rents de participer \u00e0 la vie de l&rsquo;association, de se tenir inform\u00e9s de l&rsquo;actualit\u00e9 apicole, de participer \u00e0 des conf\u00e9rences sur des sujets vari\u00e9s abordant toutes les facettes de l&rsquo;apiculture (ex. : <em> Installation d&rsquo;un rucher; Les essaims ; La biologie et le comportement des abeilles ; La conduite des ruches ; Travailler avec la ruche Warr\u00e9 et c&#8230;).<\/em><\/p>\n<p align=\"center\"><span style=\"font-size: large;\"><em>***<\/em><\/span><\/p>\n<p>Membre de l&rsquo;UNAF, l&rsquo;AAVO95 propose en outre des <a href=\"https:\/\/www.abeilles95.fr\/?page_id=48\"><strong>sorties<\/strong><\/a> et activit\u00e9s en lien avec l&rsquo;apiculture et participe \u00e0 diverses manifestations culturelles valdoisiennes.<\/p>\n<div style=\"text-align: center;\"><a href=\"https:\/\/www.abeilles95.fr\/wp-content\/uploads\/pageaccueil\/IMG_1928.jpg\"><img decoding=\"async\" style=\"text-align: center;\" title=\"aux-petits-soins\" src=\"https:\/\/www.abeilles95.fr\/wp-content\/uploads\/pageaccueil\/IMG_1928.jpg\" alt=\"\" width=\"75%\" height=\"75%\"><\/a><\/div>\n<div style=\"text-align: center;\"><a href=\"https:\/\/www.abeilles95.fr\/wp-content\/uploads\/pageaccueil\/IMG_1939.jpg\"><img decoding=\"async\" title=\"une ruche bien entour\u00e9e\" src=\"https:\/\/www.abeilles95.fr\/wp-content\/uploads\/pageaccueil\/IMG_1939.jpg\" alt=\"\" width=\"75%\" height=\"75%\"><\/a><\/div>\n<\/div>\n<\/div>\n","protected":false},"excerpt":{"rendered":"<p>Adh\u00e9sion 2026 T\u00e9l\u00e9chargement des outils anti-frelons Un essaim vous importune ? Des frelons asiatiques ? L&rsquo;association Les Amis des Abeilles du Val-d\u2019Oise (AAVO95) rassemble depuis 1985 des apiculteurs et des personnes s&rsquo;int\u00e9ressant \u00e0 la vie des abeilles. Son rucher \u00e9cole<\/p>\n","protected":false},"author":1,"featured_media":0,"parent":0,"menu_order":27,"comment_status":"closed","ping_status":"closed","template":"","meta":{"ngg_post_thumbnail":0,"footnotes":""},"_links":{"self":[{"href":"https:\/\/www.abeilles95.fr\/index.php?rest_route=\/wp\/v2\/pages\/7"}],"collection":[{"href":"https:\/\/www.abeilles95.fr\/index.php?rest_route=\/wp\/v2\/pages"}],"about":[{"href":"https:\/\/www.abeilles95.fr\/index.php?rest_route=\/wp\/v2\/types\/page"}],"author":[{"embeddable":true,"href":"https:\/\/www.abeilles95.fr\/index.php?rest_route=\/wp\/v2\/users\/1"}],"replies":[{"embeddable":true,"href":"https:\/\/www.abeilles95.fr\/index.php?rest_route=%2Fwp%2Fv2%2Fcomments&post=7"}],"version-history":[{"count":188,"href":"https:\/\/www.abeilles95.fr\/index.php?rest_route=\/wp\/v2\/pages\/7\/revisions"}],"predecessor-version":[{"id":6204,"href":"https:\/\/www.abeilles95.fr\/index.php?rest_route=\/wp\/v2\/pages\/7\/revisions\/6204"}],"wp:attachment":[{"href":"https:\/\/www.abeilles95.fr\/index.php?rest_route=%2Fwp%2Fv2%2Fmedia&parent=7"}],"curies":[{"name":"wp","href":"https:\/\/api.w.org\/{rel}","templated":true}]}}